{"id":11047,"date":"2026-02-24T00:18:40","date_gmt":"2026-02-23T16:18:40","guid":{"rendered":"https:\/\/www.balderpower.com\/?post_type=product&#038;p=11047"},"modified":"2026-03-06T15:52:23","modified_gmt":"2026-03-06T07:52:23","slug":"a2519-akku-groshandel-macbook-pro-14-a2442","status":"publish","type":"product","link":"https:\/\/www.balderpower.com\/de\/a2519-battery-wholesale-macbook-pro-14-a2442\/","title":{"rendered":"Akku A2519 im Gro\u00dfhandel \u2013 ORIGINAL-Qualit\u00e4t f\u00fcr MacBook Pro 14\u2033 A2442 (Ende 2021) EMC 3650"},"content":{"rendered":"<p data-start=\"2202\" data-end=\"2579\">Willkommen bei Balder Power. Wir sind spezialisiert auf die Bereitstellung hochwertiger Stromversorgung. <strong data-start=\"2267\" data-end=\"2294\">A2519 Batterie Gro\u00dfhandel<\/strong> L\u00f6sungen f\u00fcr professionelle Reparaturwerkst\u00e4tten, IT-Teileh\u00e4ndler und Aufbereiter weltweit. Wenn Sie zuverl\u00e4ssige Ersatzakkus f\u00fcr das beliebte 14-Zoll MacBook Pro (Modell 2021 M1) suchen, ist unser direkt vom Hersteller bezogener Akku A2519 die beste Wahl f\u00fcr ein optimales Verh\u00e4ltnis von Kosten und Leistung.<\/p>\n<p data-start=\"2581\" data-end=\"2787\">Im Gegensatz zu herk\u00f6mmlichen Batterien, die schnell an Leistung verlieren, werden unsere A2519-Ersatzbatterien mit Lithium-Polymer-Zellen der Stufe 1 hergestellt, wodurch sichergestellt wird, dass sie in puncto Ausdauer und Spitzenleistung der Originalbatterie von Apple entsprechen.<\/p>\n<h4 data-start=\"2789\" data-end=\"2829\">\ud83d\udcbb Umfassende Kompatibilit\u00e4tsliste<\/h4>\n<p data-start=\"2830\" data-end=\"2929\">Um R\u00fccksendungen zu vermeiden, \u00fcberpr\u00fcfen Sie bitte vor der Bestellung gr\u00f6\u00dferer Mengen die genaue Modellnummer. Dieser Akku ist ausschlie\u00dflich f\u00fcr das 14-Zoll-Modell M1 aus dem Jahr 2021 geeignet.<\/p>\n<p data-start=\"3025\" data-end=\"3057\"><strong data-start=\"3025\" data-end=\"3057\">1. Kompatible Laptop-Modelle:<\/strong><\/p>\n<ul data-start=\"3058\" data-end=\"3243\">\n<li data-start=\"3058\" data-end=\"3116\">\n<p data-start=\"3062\" data-end=\"3116\"><strong data-start=\"3062\" data-end=\"3093\">MacBook Pro (14 Zoll, 2021)<\/strong> \u2013 M1 Pro \/ M1 Max Chip<\/p>\n<\/li>\n<li data-start=\"3117\" data-end=\"3166\">\n<p data-start=\"3121\" data-end=\"3166\"><strong data-start=\"3121\" data-end=\"3134\">Modell-ID:<\/strong> MacBookPro18,3 \/ MacBookPro18,4<\/p>\n<\/li>\n<li data-start=\"3167\" data-end=\"3210\">\n<p data-start=\"3171\" data-end=\"3210\"><strong data-start=\"3171\" data-end=\"3200\">Modellnummer (Geh\u00e4user\u00fcckseite):<\/strong> <strong data-start=\"3201\" data-end=\"3210\">A2442<\/strong><\/p>\n<\/li>\n<li data-start=\"3211\" data-end=\"3243\">\n<p data-start=\"3215\" data-end=\"3243\"><strong data-start=\"3215\" data-end=\"3230\">EMV-Nummer:<\/strong> <strong data-start=\"3231\" data-end=\"3243\">EMC 3650<\/strong><\/p>\n<\/li>\n<\/ul>\n<p data-start=\"3245\" data-end=\"3349\"><strong data-start=\"3245\" data-end=\"3298\">2. Kompatible Apple-Teilenummern (Bestellnummern):<\/strong><br \/>\n<em data-start=\"3299\" data-end=\"3349\">(Unterst\u00fctzt sowohl die Farbvarianten Space Grau als auch Silber)<\/em><\/p>\n<ul data-start=\"3350\" data-end=\"3588\">\n<li data-start=\"3350\" data-end=\"3388\">\n<p data-start=\"3354\" data-end=\"3388\"><strong data-start=\"3354\" data-end=\"3367\">MKGP3LL\/A<\/strong> (M1 Pro, 8-Kern-CPU)<\/p>\n<\/li>\n<li data-start=\"3389\" data-end=\"3428\">\n<p data-start=\"3393\" data-end=\"3428\"><strong data-start=\"3393\" data-end=\"3406\">MKGQ3LL\/A<\/strong> (M1 Pro, 10-Kern-CPU)<\/p>\n<\/li>\n<li data-start=\"3429\" data-end=\"3467\">\n<p data-start=\"3433\" data-end=\"3467\"><strong data-start=\"3433\" data-end=\"3446\">MKGR3LL\/A<\/strong> (M1 Pro, 8-Kern-CPU)<\/p>\n<\/li>\n<li data-start=\"3468\" data-end=\"3507\">\n<p data-start=\"3472\" data-end=\"3507\"><strong data-start=\"3472\" data-end=\"3485\">MKGT3LL\/A<\/strong> (M1 Pro, 10-Kern-CPU)<\/p>\n<\/li>\n<li data-start=\"3508\" data-end=\"3588\">\n<p data-start=\"3512\" data-end=\"3588\"><em data-start=\"3512\" data-end=\"3588\">Beinhaltet alle CTO-Versionen (Configure-to-Order) basierend auf dem A2442-Chassis.<\/em><\/p>\n<\/li>\n<\/ul>\n<p data-start=\"3590\" data-end=\"3629\"><strong data-start=\"3590\" data-end=\"3629\">3. Kompatible Batterieteilenummern:<\/strong><\/p>\n<ul data-start=\"3630\" data-end=\"3726\">\n<li data-start=\"3630\" data-end=\"3643\">\n<p data-start=\"3634\" data-end=\"3643\"><strong data-start=\"3634\" data-end=\"3643\">A2519<\/strong><\/p>\n<\/li>\n<li data-start=\"3644\" data-end=\"3726\">\n<p data-start=\"3648\" data-end=\"3726\"><strong data-start=\"3648\" data-end=\"3661\">616-00782<\/strong> (und die zugeh\u00f6rigen spezifischen Teilenummern f\u00fcr das Batteriemodul A2442)<\/p>\n<\/li>\n<\/ul>\n<p data-start=\"3728\" data-end=\"3805\">\u26a0\ufe0f <strong data-start=\"3731\" data-end=\"3764\">Wichtiger Hinweis zur Kompatibilit\u00e4t:<\/strong><br \/>\nDiese Batterie ist <strong data-start=\"3781\" data-end=\"3788\">NICHT<\/strong> kompatibel mit:<\/p>\n<ul data-start=\"3806\" data-end=\"3918\">\n<li data-start=\"3806\" data-end=\"3886\">\n<p data-start=\"3810\" data-end=\"3886\">MacBook Pro 14 Zoll (2023) M2 Pro\/Max \u2013 Modell <strong data-start=\"3856\" data-end=\"3865\">A2779<\/strong> (Verwendet Batterie A2830)<\/p>\n<\/li>\n<li data-start=\"3887\" data-end=\"3918\">\n<p data-start=\"3891\" data-end=\"3918\">MacBook Pro 13-Zoll-Modelle.<\/p>\n<\/li>\n<\/ul>","protected":false},"excerpt":{"rendered":"<ul>\n<li data-start=\"1621\" data-end=\"1782\">\n<p data-start=\"1625\" data-end=\"1782\">Kaufpr\u00e4mie <strong data-start=\"1642\" data-end=\"1669\">A2519 Batterie Gro\u00dfhandel<\/strong> F\u00fcr MacBook Pro 14\u2033 A2442 (Ende 2021). 69,6 Wh tats\u00e4chliche Kapazit\u00e4t, Direkt vom Hersteller zum g\u00fcnstigen Preis f\u00fcr Gro\u00dfabnehmer mit 12 Monaten Garantie.<\/p>\n<\/li>\n<li data-start=\"1783\" data-end=\"1882\">\n<p data-start=\"1787\" data-end=\"1882\"><strong data-start=\"1787\" data-end=\"1803\">Perfekte Passform:<\/strong> Ausschlie\u00dflich f\u00fcr MacBook Pro 14-Zoll M1 Pro\/Max (Modell A2442, Ende 2021) konzipiert.<\/p>\n<\/li>\n<li data-start=\"1883\" data-end=\"1949\">\n<p data-start=\"1887\" data-end=\"1949\"><strong data-start=\"1887\" data-end=\"1902\">Kernspezifikationen:<\/strong> 11,47 V | 69,6 Wh | 6068 mAh | 6-Zellen-Li-Polymer-Akku.<\/p>\n<\/li>\n<li data-start=\"1950\" data-end=\"2033\">\n<p data-start=\"1954\" data-end=\"2033\"><strong data-start=\"1954\" data-end=\"1974\">Vorteile f\u00fcr Gro\u00dfh\u00e4ndler:<\/strong> Niedrige Mindestbestellmenge, wettbewerbsf\u00e4higer Fabrikpreis, neutrale\/OEM-Verpackung.<\/p>\n<\/li>\n<li data-start=\"2034\" data-end=\"2117\">\n<p data-start=\"2038\" data-end=\"2117\"><strong data-start=\"2038\" data-end=\"2060\">Qualit\u00e4tsgarantie:<\/strong> TI Gauge Chip, Zellen der G\u00fcteklasse A+, 100% Belastungs- und Alterungstest.<\/p>\n<\/li>\n<\/ul>","protected":false},"featured_media":11045,"template":"","meta":{"_acf_changed":false,"nf_dc_page":"","site-sidebar-layout":"default","site-content-layout":"","ast-site-content-layout":"default","site-content-style":"default","site-sidebar-style":"default","ast-global-header-display":"","ast-banner-title-visibility":"","ast-main-header-display":"","ast-hfb-above-header-display":"","ast-hfb-below-header-display":"","ast-hfb-mobile-header-display":"","site-post-title":"","ast-breadcrumbs-content":"","ast-featured-img":"","footer-sml-layout":"","ast-disable-related-posts":"","theme-transparent-header-meta":"default","adv-header-id-meta":"","stick-header-meta":"default","header-above-stick-meta":"","header-main-stick-meta":"","header-below-stick-meta":"","astra-migrate-meta-layouts":"set","ast-page-background-enabled":"default","ast-page-background-meta":{"desktop":{"background-color":"","background-image":"","background-repeat":"repeat","background-position":"center center","background-size":"auto","background-attachment":"scroll","background-type":"","background-media":"","overlay-type":"","overlay-color":"","overlay-opacity":"","overlay-gradient":""},"tablet":{"background-color":"","background-image":"","background-repeat":"repeat","background-position":"center center","background-size":"auto","background-attachment":"scroll","background-type":"","background-media":"","overlay-type":"","overlay-color":"","overlay-opacity":"","overlay-gradient":""},"mobile":{"background-color":"","background-image":"","background-repeat":"repeat","background-position":"center center","background-size":"auto","background-attachment":"scroll","background-type":"","background-media":"","overlay-type":"","overlay-color":"","overlay-opacity":"","overlay-gradient":""}},"ast-content-background-meta":{"desktop":{"background-color":"var(--ast-global-color-5)","background-image":"","background-repeat":"repeat","background-position":"center center","background-size":"auto","background-attachment":"scroll","background-type":"","background-media":"","overlay-type":"","overlay-color":"","overlay-opacity":"","overlay-gradient":""},"tablet":{"background-color":"var(--ast-global-color-5)","background-image":"","background-repeat":"repeat","background-position":"center center","background-size":"auto","background-attachment":"scroll","background-type":"","background-media":"","overlay-type":"","overlay-color":"","overlay-opacity":"","overlay-gradient":""},"mobile":{"background-color":"var(--ast-global-color-5)","background-image":"","background-repeat":"repeat","background-position":"center center","background-size":"auto","background-attachment":"scroll","background-type":"","background-media":"","overlay-type":"","overlay-color":"","overlay-opacity":"","overlay-gradient":""}},"_joinchat":[]},"product_brand":[],"product_cat":[125],"product_tag":[1095,1090,1089,1224,1092,1093,1091,1094],"class_list":{"0":"post-11047","1":"product","2":"type-product","3":"status-publish","4":"has-post-thumbnail","6":"product_cat-macbook-battery-wholesale-china","7":"product_tag-69-6wh-battery-a2519","8":"product_tag-a2442-battery-replacement","9":"product_tag-a2519-battery-wholesale","10":"product_tag-apple","11":"product_tag-emc-3650-battery","12":"product_tag-laptop-battery-supplier-china","13":"product_tag-macbook-pro-14-2021-battery","14":"product_tag-oem-macbook-battery","15":"desktop-align-left","16":"tablet-align-left","17":"mobile-align-left","18":"ast-product-gallery-layout-horizontal-slider","19":"ast-product-tabs-layout-horizontal","21":"first","22":"instock","23":"shipping-taxable","24":"purchasable","25":"product-type-simple"},"acf":[],"_links":{"self":[{"href":"https:\/\/www.balderpower.com\/de\/wp-json\/wp\/v2\/product\/11047","targetHints":{"allow":["GET"]}}],"collection":[{"href":"https:\/\/www.balderpower.com\/de\/wp-json\/wp\/v2\/product"}],"about":[{"href":"https:\/\/www.balderpower.com\/de\/wp-json\/wp\/v2\/types\/product"}],"version-history":[{"count":2,"href":"https:\/\/www.balderpower.com\/de\/wp-json\/wp\/v2\/product\/11047\/revisions"}],"predecessor-version":[{"id":11053,"href":"https:\/\/www.balderpower.com\/de\/wp-json\/wp\/v2\/product\/11047\/revisions\/11053"}],"wp:featuredmedia":[{"embeddable":true,"href":"https:\/\/www.balderpower.com\/de\/wp-json\/wp\/v2\/media\/11045"}],"wp:attachment":[{"href":"https:\/\/www.balderpower.com\/de\/wp-json\/wp\/v2\/media?parent=11047"}],"wp:term":[{"taxonomy":"product_brand","embeddable":true,"href":"https:\/\/www.balderpower.com\/de\/wp-json\/wp\/v2\/product_brand?post=11047"},{"taxonomy":"product_cat","embeddable":true,"href":"https:\/\/www.balderpower.com\/de\/wp-json\/wp\/v2\/product_cat?post=11047"},{"taxonomy":"product_tag","embeddable":true,"href":"https:\/\/www.balderpower.com\/de\/wp-json\/wp\/v2\/product_tag?post=11047"}],"curies":[{"name":"wp","href":"https:\/\/api.w.org\/{rel}","templated":true}]}}